{"id":876,"date":"2021-01-12T08:29:47","date_gmt":"2021-01-12T05:29:47","guid":{"rendered":"http:\/\/teuport.com\/hizmetlerimiz\/"},"modified":"2023-04-18T18:06:11","modified_gmt":"2023-04-18T15:06:11","slug":"our-services","status":"publish","type":"page","link":"https:\/\/teuport.com\/en\/our-services\/","title":{"rendered":"Our services"},"content":{"rendered":"\t\t<div data-elementor-type=\"wp-page\" data-elementor-id=\"876\" class=\"elementor elementor-876\">\n\t\t\t\t\t\t\t\t\t<section class=\"elementor-section elementor-top-section elementor-element elementor-element-d48ee1c elementor-section-full_width elementor-section-height-default elementor-section-height-default\" data-id=\"d48ee1c\" data-element_type=\"section\">\n\t\t\t\t\t\t<div class=\"elementor-container elementor-column-gap-no\">\n\t\t\t\t\t<div class=\"elementor-column elementor-col-100 elementor-top-column elementor-element elementor-element-db0f352\" data-id=\"db0f352\" data-element_type=\"column\">\n\t\t\t<div class=\"elementor-widget-wrap elementor-element-populated\">\n\t\t\t\t\t\t\t\t<div class=\"elementor-element elementor-element-1d81302 elementor-align-left elementor-widget elementor-widget-page-header\" data-id=\"1d81302\" data-element_type=\"widget\" data-widget_type=\"page-header.default\">\n\t\t\t\t<div class=\"elementor-widget-container\">\n\t\t\t\r\n\t\t\t\t<section class=\"page-title-section\" style=\"background-color: #f8f8f8;\r\n\t\tbackground-image: url(http:\/\/teuport.com\/wp-content\/uploads\/2023\/04\/hizmetler-header.jpg);\r\n\t\tcolor: #fff;\">\r\n\t\t\r\n\t\t\t<div class=\"container\">\r\n\r\n\t\t\t\t<div class=\"row\">\r\n\r\n\t\t\t\t\t<div class=\"col-xl-12 text-center\">\r\n\r\n\t\t\t\t\t\t<div class=\"page-title-content\">\r\n\r\n\t\t\t\t\t\t\t\t\t\t\t\t\t\t<h3 class=\"title text-white\">Our services<\/h3>\r\n\t\t\t\t\t\t\t\r\n\t\t\t\t\t\t\t<nav aria-label=\"breadcrumb\">\r\n\r\n\t\t\t\t\t\t\t\t<ol class=\"breadcrumb\">\r\n\r\n\t\t\t\t\t\t\t\t\t<li class=\"breadcrumb-item\"><a href=\"https:\/\/teuport.com\/en\/\">Home<\/a><\/li>\r\n\r\n\t\t\t\t\t\t\t\t\t\t\t\t\t\t\t\t\t\t<li class=\"breadcrumb-item active\" aria-current=\"page\">Our services<\/li>\r\n\t\t\t\t\t\t\t\t\t\r\n\t\t\t\t\t\t\t\t<\/ol>\r\n\r\n\t\t\t\t\t\t\t<\/nav>\r\n\r\n\t\t\t\t\t\t<\/div>\r\n\r\n\t\t\t\t\t<\/div>\r\n\r\n\t\t\t\t<\/div>\r\n\r\n\t\t\t<\/div>\r\n\r\n\t\t<\/section>\r\n\r\n\t\t\t<\/div>\n\t\t\t\t<\/div>\n\t\t\t\t\t<\/div>\n\t\t<\/div>\n\t\t\t\t\t\t\t<\/div>\n\t\t<\/section>\n\t\t\t\t<section class=\"elementor-section elementor-top-section elementor-element elementor-element-068b98f elementor-section-full_width elementor-section-height-default elementor-section-height-default\" data-id=\"068b98f\" data-element_type=\"section\">\n\t\t\t\t\t\t<div class=\"elementor-container elementor-column-gap-no\">\n\t\t\t\t\t<div class=\"elementor-column elementor-col-100 elementor-top-column elementor-element elementor-element-bc4e2c4\" data-id=\"bc4e2c4\" data-element_type=\"column\">\n\t\t\t<div class=\"elementor-widget-wrap elementor-element-populated\">\n\t\t\t\t\t\t\t\t<div class=\"elementor-element elementor-element-19bea80 elementor-align-left elementor-widget elementor-widget-page-project\" data-id=\"19bea80\" data-element_type=\"widget\" data-widget_type=\"page-project.default\">\n\t\t\t\t<div class=\"elementor-widget-container\">\n\t\t\t\r\n\t\t<section class=\"pdt-110 pdb-80\">\r\n\r\n\t\t\t<div class=\"section-content\">\r\n\r\n\t\t\t\t<div class=\"container\">\r\n\r\n\t\t\t\t\t<div class=\"row\">\r\n\r\n\t\t\t\t\t\t\r\n\t\t\t\t\t\t\t<div class=\"col-md-6 col-lg-4 col-xl-4\">\r\n\r\n\t\t\t\t\t\t\t\t<div class=\"project-item mrb-30\">\r\n\r\n\t\t\t\t\t\t\t\t\t<div class=\"project-thumb\">\r\n\r\n\t\t\t\t\t\t\t\t\t\t<img decoding=\"async\" class=\"img-full\" src=\"https:\/\/teuport.com\/wp-content\/uploads\/2021\/01\/Krayolu-1.jpg\" alt=\"\">\r\n\r\n\t\t\t\t\t\t\t\t\t\t<div class=\"project-link-icon\">\r\n\r\n\t\t\t\t\t\t\t\t\t\t\t<a href=\"https:\/\/teuport.com\/en\/project\/highway-transports\/\"><i class=\"webex-icon-attachment1\"><\/i><\/a>\r\n\r\n\t\t\t\t\t\t\t\t\t\t<\/div>\r\n\r\n\t\t\t\t\t\t\t\t\t\t<div class=\"project-details p-4\">\r\n\r\n\t\t\t\t\t\t\t\t\t\t\t<h6 class=\"project-category side-line mrb-5\">Highway transports<\/h6>\r\n\r\n\t\t\t\t\t\t\t\t\t\t\t<a href=\"https:\/\/teuport.com\/en\/project\/highway-transports\/\"><h3 class=\"project-title\">Highway transports<\/h3><\/a>\r\n\r\n\t\t\t\t\t\t\t\t\t\t<\/div>\r\n\r\n\t\t\t\t\t\t\t\t\t<\/div>\r\n\r\n\t\t\t\t\t\t\t\t<\/div>\r\n\r\n\t\t\t\t\t\t\t<\/div>\r\n\r\n\t\t\t\t\t\t\r\n\t\t\t\t\t\t\t<div class=\"col-md-6 col-lg-4 col-xl-4\">\r\n\r\n\t\t\t\t\t\t\t\t<div class=\"project-item mrb-30\">\r\n\r\n\t\t\t\t\t\t\t\t\t<div class=\"project-thumb\">\r\n\r\n\t\t\t\t\t\t\t\t\t\t<img decoding=\"async\" class=\"img-full\" src=\"https:\/\/teuport.com\/wp-content\/uploads\/2021\/01\/denizyolu-1.jpg\" alt=\"\">\r\n\r\n\t\t\t\t\t\t\t\t\t\t<div class=\"project-link-icon\">\r\n\r\n\t\t\t\t\t\t\t\t\t\t\t<a href=\"https:\/\/teuport.com\/en\/project\/maritime-transport\/\"><i class=\"webex-icon-attachment1\"><\/i><\/a>\r\n\r\n\t\t\t\t\t\t\t\t\t\t<\/div>\r\n\r\n\t\t\t\t\t\t\t\t\t\t<div class=\"project-details p-4\">\r\n\r\n\t\t\t\t\t\t\t\t\t\t\t<h6 class=\"project-category side-line mrb-5\">Maritime transport<\/h6>\r\n\r\n\t\t\t\t\t\t\t\t\t\t\t<a href=\"https:\/\/teuport.com\/en\/project\/maritime-transport\/\"><h3 class=\"project-title\">Maritime transport<\/h3><\/a>\r\n\r\n\t\t\t\t\t\t\t\t\t\t<\/div>\r\n\r\n\t\t\t\t\t\t\t\t\t<\/div>\r\n\r\n\t\t\t\t\t\t\t\t<\/div>\r\n\r\n\t\t\t\t\t\t\t<\/div>\r\n\r\n\t\t\t\t\t\t\r\n\t\t\t\t\t\t\t<div class=\"col-md-6 col-lg-4 col-xl-4\">\r\n\r\n\t\t\t\t\t\t\t\t<div class=\"project-item mrb-30\">\r\n\r\n\t\t\t\t\t\t\t\t\t<div class=\"project-thumb\">\r\n\r\n\t\t\t\t\t\t\t\t\t\t<img decoding=\"async\" class=\"img-full\" src=\"https:\/\/teuport.com\/wp-content\/uploads\/2021\/01\/havayolu-1.jpg\" alt=\"\">\r\n\r\n\t\t\t\t\t\t\t\t\t\t<div class=\"project-link-icon\">\r\n\r\n\t\t\t\t\t\t\t\t\t\t\t<a href=\"https:\/\/teuport.com\/en\/project\/airways-transporting\/\"><i class=\"webex-icon-attachment1\"><\/i><\/a>\r\n\r\n\t\t\t\t\t\t\t\t\t\t<\/div>\r\n\r\n\t\t\t\t\t\t\t\t\t\t<div class=\"project-details p-4\">\r\n\r\n\t\t\t\t\t\t\t\t\t\t\t<h6 class=\"project-category side-line mrb-5\">Airways transporting<\/h6>\r\n\r\n\t\t\t\t\t\t\t\t\t\t\t<a href=\"https:\/\/teuport.com\/en\/project\/airways-transporting\/\"><h3 class=\"project-title\">Airways transporting<\/h3><\/a>\r\n\r\n\t\t\t\t\t\t\t\t\t\t<\/div>\r\n\r\n\t\t\t\t\t\t\t\t\t<\/div>\r\n\r\n\t\t\t\t\t\t\t\t<\/div>\r\n\r\n\t\t\t\t\t\t\t<\/div>\r\n\r\n\t\t\t\t\t\t\r\n\t\t\t\t\t\t\t<div class=\"col-md-6 col-lg-4 col-xl-4\">\r\n\r\n\t\t\t\t\t\t\t\t<div class=\"project-item mrb-30\">\r\n\r\n\t\t\t\t\t\t\t\t\t<div class=\"project-thumb\">\r\n\r\n\t\t\t\t\t\t\t\t\t\t<img decoding=\"async\" class=\"img-full\" src=\"https:\/\/teuport.com\/wp-content\/uploads\/2021\/01\/konteynir-1.jpg\" alt=\"\">\r\n\r\n\t\t\t\t\t\t\t\t\t\t<div class=\"project-link-icon\">\r\n\r\n\t\t\t\t\t\t\t\t\t\t\t<a href=\"https:\/\/teuport.com\/en\/project\/container-transportation\/\"><i class=\"webex-icon-attachment1\"><\/i><\/a>\r\n\r\n\t\t\t\t\t\t\t\t\t\t<\/div>\r\n\r\n\t\t\t\t\t\t\t\t\t\t<div class=\"project-details p-4\">\r\n\r\n\t\t\t\t\t\t\t\t\t\t\t<h6 class=\"project-category side-line mrb-5\">Container Transportation<\/h6>\r\n\r\n\t\t\t\t\t\t\t\t\t\t\t<a href=\"https:\/\/teuport.com\/en\/project\/container-transportation\/\"><h3 class=\"project-title\">Container Transportation<\/h3><\/a>\r\n\r\n\t\t\t\t\t\t\t\t\t\t<\/div>\r\n\r\n\t\t\t\t\t\t\t\t\t<\/div>\r\n\r\n\t\t\t\t\t\t\t\t<\/div>\r\n\r\n\t\t\t\t\t\t\t<\/div>\r\n\r\n\t\t\t\t\t\t\r\n\t\t\t\t\t\t\t<div class=\"col-md-6 col-lg-4 col-xl-4\">\r\n\r\n\t\t\t\t\t\t\t\t<div class=\"project-item mrb-30\">\r\n\r\n\t\t\t\t\t\t\t\t\t<div class=\"project-thumb\">\r\n\r\n\t\t\t\t\t\t\t\t\t\t<img decoding=\"async\" class=\"img-full\" src=\"https:\/\/teuport.com\/wp-content\/uploads\/2021\/01\/proje.jpg\" alt=\"\">\r\n\r\n\t\t\t\t\t\t\t\t\t\t<div class=\"project-link-icon\">\r\n\r\n\t\t\t\t\t\t\t\t\t\t\t<a href=\"https:\/\/teuport.com\/en\/project\/project-transportation\/\"><i class=\"webex-icon-attachment1\"><\/i><\/a>\r\n\r\n\t\t\t\t\t\t\t\t\t\t<\/div>\r\n\r\n\t\t\t\t\t\t\t\t\t\t<div class=\"project-details p-4\">\r\n\r\n\t\t\t\t\t\t\t\t\t\t\t<h6 class=\"project-category side-line mrb-5\">Project Transportation<\/h6>\r\n\r\n\t\t\t\t\t\t\t\t\t\t\t<a href=\"https:\/\/teuport.com\/en\/project\/project-transportation\/\"><h3 class=\"project-title\">Project Transportation<\/h3><\/a>\r\n\r\n\t\t\t\t\t\t\t\t\t\t<\/div>\r\n\r\n\t\t\t\t\t\t\t\t\t<\/div>\r\n\r\n\t\t\t\t\t\t\t\t<\/div>\r\n\r\n\t\t\t\t\t\t\t<\/div>\r\n\r\n\t\t\t\t\t\t\r\n\t\t\t\t\t\t\t<div class=\"col-md-6 col-lg-4 col-xl-4\">\r\n\r\n\t\t\t\t\t\t\t\t<div class=\"project-item mrb-30\">\r\n\r\n\t\t\t\t\t\t\t\t\t<div class=\"project-thumb\">\r\n\r\n\t\t\t\t\t\t\t\t\t\t<img decoding=\"async\" class=\"img-full\" src=\"https:\/\/teuport.com\/wp-content\/uploads\/2021\/01\/danismanlik.jpg\" alt=\"\">\r\n\r\n\t\t\t\t\t\t\t\t\t\t<div class=\"project-link-icon\">\r\n\r\n\t\t\t\t\t\t\t\t\t\t\t<a href=\"https:\/\/teuport.com\/en\/project\/foreign-exchange-services\/\"><i class=\"webex-icon-attachment1\"><\/i><\/a>\r\n\r\n\t\t\t\t\t\t\t\t\t\t<\/div>\r\n\r\n\t\t\t\t\t\t\t\t\t\t<div class=\"project-details p-4\">\r\n\r\n\t\t\t\t\t\t\t\t\t\t\t<h6 class=\"project-category side-line mrb-5\">Foreign Exchange Services<\/h6>\r\n\r\n\t\t\t\t\t\t\t\t\t\t\t<a href=\"https:\/\/teuport.com\/en\/project\/foreign-exchange-services\/\"><h3 class=\"project-title\">Foreign Exchange Services<\/h3><\/a>\r\n\r\n\t\t\t\t\t\t\t\t\t\t<\/div>\r\n\r\n\t\t\t\t\t\t\t\t\t<\/div>\r\n\r\n\t\t\t\t\t\t\t\t<\/div>\r\n\r\n\t\t\t\t\t\t\t<\/div>\r\n\r\n\t\t\t\t\t\t \r\n\r\n\t\t\t\t\t<\/div>\r\n\r\n\t\t\t\t<\/div>\r\n\r\n\t\t\t<\/div>\r\n\r\n\t\t<\/section>\r\n\r\n\r\n\t\t\t<\/div>\n\t\t\t\t<\/div>\n\t\t\t\t\t<\/div>\n\t\t<\/div>\n\t\t\t\t\t\t\t<\/div>\n\t\t<\/section>\n\t\t\t\t\t\t\t<\/div>\n\t\t","protected":false},"excerpt":{"rendered":"<p>Our services Home Our services Karayolu Ta\u015f\u0131mac\u0131l\u0131\u011f\u0131 Karayolu Ta\u015f\u0131mac\u0131l\u0131\u011f\u0131 Denizyolu Denizyolu Ta\u015f\u0131mac\u0131l\u0131\u011f\u0131 Havayolu Havayolu Ta\u015f\u0131mac\u0131l\u0131\u011f\u0131 Konteyner Ta\u015f\u0131mac\u0131l\u0131\u011f\u0131 Konteyner Ta\u015f\u0131mac\u0131l\u0131\u011f\u0131 Proje Ta\u015f\u0131mac\u0131l\u0131\u011f\u0131 Proje Ta\u015f\u0131mac\u0131l\u0131\u011f\u0131 Kambiyo Hizmetleri Kambiyo Hizmetleri<\/p>\n","protected":false},"author":1,"featured_media":0,"parent":0,"menu_order":0,"comment_status":"closed","ping_status":"closed","template":"page-templates\/home.php","meta":{"_mi_skip_tracking":false,"_monsterinsights_sitenote_active":false,"_monsterinsights_sitenote_note":"","_monsterinsights_sitenote_category":0,"footnotes":""},"class_list":["post-876","page","type-page","status-publish","hentry"],"aioseo_notices":[],"_links":{"self":[{"href":"https:\/\/teuport.com\/en\/wp-json\/wp\/v2\/pages\/876","targetHints":{"allow":["GET"]}}],"collection":[{"href":"https:\/\/teuport.com\/en\/wp-json\/wp\/v2\/pages"}],"about":[{"href":"https:\/\/teuport.com\/en\/wp-json\/wp\/v2\/types\/page"}],"author":[{"embeddable":true,"href":"https:\/\/teuport.com\/en\/wp-json\/wp\/v2\/users\/1"}],"replies":[{"embeddable":true,"href":"https:\/\/teuport.com\/en\/wp-json\/wp\/v2\/comments?post=876"}],"version-history":[{"count":4,"href":"https:\/\/teuport.com\/en\/wp-json\/wp\/v2\/pages\/876\/revisions"}],"predecessor-version":[{"id":880,"href":"https:\/\/teuport.com\/en\/wp-json\/wp\/v2\/pages\/876\/revisions\/880"}],"wp:attachment":[{"href":"https:\/\/teuport.com\/en\/wp-json\/wp\/v2\/media?parent=876"}],"curies":[{"name":"wp","href":"https:\/\/api.w.org\/{rel}","templated":true}]}}