{"id":962,"date":"2023-04-15T15:44:56","date_gmt":"2023-04-15T12:44:56","guid":{"rendered":"http:\/\/teuport.com\/konteyner-olculeri\/"},"modified":"2023-04-18T18:34:49","modified_gmt":"2023-04-18T15:34:49","slug":"container-dimensions","status":"publish","type":"page","link":"https:\/\/teuport.com\/en\/container-dimensions\/","title":{"rendered":"Container Dimensions"},"content":{"rendered":"\t\t<div data-elementor-type=\"wp-page\" data-elementor-id=\"962\" class=\"elementor elementor-962\">\n\t\t\t\t\t\t\t\t\t<section class=\"elementor-section elementor-top-section elementor-element elementor-element-91f8399 elementor-section-full_width elementor-section-height-default elementor-section-height-default\" data-id=\"91f8399\" data-element_type=\"section\">\n\t\t\t\t\t\t<div class=\"elementor-container elementor-column-gap-no\">\n\t\t\t\t\t<div class=\"elementor-column elementor-col-100 elementor-top-column elementor-element elementor-element-3b490ea\" data-id=\"3b490ea\" data-element_type=\"column\">\n\t\t\t<div class=\"elementor-widget-wrap elementor-element-populated\">\n\t\t\t\t\t\t\t\t<div class=\"elementor-element elementor-element-38ce753 elementor-align-left elementor-widget elementor-widget-page-header\" data-id=\"38ce753\" data-element_type=\"widget\" data-widget_type=\"page-header.default\">\n\t\t\t\t<div class=\"elementor-widget-container\">\n\t\t\t\r\n\t\t\t\t<section class=\"page-title-section\" style=\"background-color: #f8f8f8;\r\n\t\tbackground-image: url(http:\/\/teuport.com\/wp-content\/uploads\/2023\/04\/konteyner-header.jpg);\r\n\t\tcolor: #fff;\">\r\n\t\t\r\n\t\t\t<div class=\"container\">\r\n\r\n\t\t\t\t<div class=\"row\">\r\n\r\n\t\t\t\t\t<div class=\"col-xl-12 text-center\">\r\n\r\n\t\t\t\t\t\t<div class=\"page-title-content\">\r\n\r\n\t\t\t\t\t\t\t\t\t\t\t\t\t\t<h3 class=\"title text-white\">Container Dimensions<\/h3>\r\n\t\t\t\t\t\t\t\r\n\t\t\t\t\t\t\t<nav aria-label=\"breadcrumb\">\r\n\r\n\t\t\t\t\t\t\t\t<ol class=\"breadcrumb\">\r\n\r\n\t\t\t\t\t\t\t\t\t<li class=\"breadcrumb-item\"><a href=\"https:\/\/teuport.com\/en\/\">Home<\/a><\/li>\r\n\r\n\t\t\t\t\t\t\t\t\t\t\t\t\t\t\t\t\t\t<li class=\"breadcrumb-item active\" aria-current=\"page\">Container Dimensions<\/li>\r\n\t\t\t\t\t\t\t\t\t\r\n\t\t\t\t\t\t\t\t<\/ol>\r\n\r\n\t\t\t\t\t\t\t<\/nav>\r\n\r\n\t\t\t\t\t\t<\/div>\r\n\r\n\t\t\t\t\t<\/div>\r\n\r\n\t\t\t\t<\/div>\r\n\r\n\t\t\t<\/div>\r\n\r\n\t\t<\/section>\r\n\r\n\t\t\t<\/div>\n\t\t\t\t<\/div>\n\t\t\t\t\t<\/div>\n\t\t<\/div>\n\t\t\t\t\t\t\t<\/div>\n\t\t<\/section>\n\t\t\t\t<section class=\"elementor-section elementor-top-section elementor-element elementor-element-2be9565 elementor-section-full_width elementor-section-height-default elementor-section-height-default\" data-id=\"2be9565\" data-element_type=\"section\">\n\t\t\t\t\t\t<div class=\"elementor-container elementor-column-gap-no\">\n\t\t\t\t\t<div class=\"elementor-column elementor-col-100 elementor-top-column elementor-element elementor-element-a476f51\" data-id=\"a476f51\" data-element_type=\"column\">\n\t\t\t<div class=\"elementor-widget-wrap elementor-element-populated\">\n\t\t\t\t\t\t\t\t<div class=\"elementor-element elementor-element-4b66c54 elementor-widget elementor-widget-spacer\" data-id=\"4b66c54\" data-element_type=\"widget\" data-widget_type=\"spacer.default\">\n\t\t\t\t<div class=\"elementor-widget-container\">\n\t\t\t\t\t<div class=\"elementor-spacer\">\n\t\t\t<div class=\"elementor-spacer-inner\"><\/div>\n\t\t<\/div>\n\t\t\t\t<\/div>\n\t\t\t\t<\/div>\n\t\t\t\t\t<\/div>\n\t\t<\/div>\n\t\t\t\t\t\t\t<\/div>\n\t\t<\/section>\n\t\t\t\t<section class=\"elementor-section elementor-top-section elementor-element elementor-element-71218ff elementor-section-boxed elementor-section-height-default elementor-section-height-default\" data-id=\"71218ff\" data-element_type=\"section\">\n\t\t\t\t\t\t<div class=\"elementor-container elementor-column-gap-default\">\n\t\t\t\t\t<div class=\"elementor-column elementor-col-33 elementor-top-column elementor-element elementor-element-fd74c28\" data-id=\"fd74c28\" data-element_type=\"column\">\n\t\t\t<div class=\"elementor-widget-wrap elementor-element-populated\">\n\t\t\t\t\t\t\t\t<div class=\"elementor-element elementor-element-d2120b8 elementor-widget elementor-widget-sidebar\" data-id=\"d2120b8\" data-element_type=\"widget\" data-widget_type=\"sidebar.default\">\n\t\t\t\t<div class=\"elementor-widget-container\">\n\t\t\t<div id=\"text-9\" class=\"widget_text\">\t\t\t<div class=\"textwidget\"><div class=\"sidebar-widget bg-primary-color\" data-background=\"https:\/\/shtheme.org\/demosd\/logistek\/wp-content\/uploads\/2021\/01\/abs-bg4.png\">\n<div class=\"contact-information\">\n<h3 class=\"text-white mrb-20\">Contact<\/h3>\n<p class=\"text-white\">If you have any questions about our service, please contact us<\/p>\n<ul class=\"list-items text-white mrb-20\">\n<li>+90(324) 404 07 77<\/li>\n<li>\u00c7iftlikk\u00f6y Mah. 32317 Sk. \u0130lkem Armoni Apt. No: 2 \u0130\u00e7 Kap\u0131 No:36 Yeni\u015fehir\/Mersin\/TURKEY<\/li>\n<li>info@teuport.com<\/li>\n<\/ul>\n<\/div>\n<\/div>\n<\/div>\n\t\t<\/div>\t\t<\/div>\n\t\t\t\t<\/div>\n\t\t\t\t\t<\/div>\n\t\t<\/div>\n\t\t\t\t<div class=\"elementor-column elementor-col-66 elementor-top-column elementor-element elementor-element-8bc698c\" data-id=\"8bc698c\" data-element_type=\"column\">\n\t\t\t<div class=\"elementor-widget-wrap elementor-element-populated\">\n\t\t\t\t\t\t\t\t<div class=\"elementor-element elementor-element-4d39ca4 elementor-widget elementor-widget-text-editor\" data-id=\"4d39ca4\" data-element_type=\"widget\" data-widget_type=\"text-editor.default\">\n\t\t\t\t<div class=\"elementor-widget-container\">\n\t\t\t\t\t\t\t<div><img fetchpriority=\"high\" decoding=\"async\" class=\"alignnone size-full wp-image-642\" src=\"http:\/\/teuport.com\/wp-content\/uploads\/2021\/01\/olculer-v1.jpg\" alt=\"\" width=\"775\" height=\"450\" srcset=\"https:\/\/teuport.com\/wp-content\/uploads\/2021\/01\/olculer-v1.jpg 775w, https:\/\/teuport.com\/wp-content\/uploads\/2021\/01\/olculer-v1-300x174.jpg 300w, https:\/\/teuport.com\/wp-content\/uploads\/2021\/01\/olculer-v1-768x446.jpg 768w\" sizes=\"(max-width: 775px) 100vw, 775px\" \/><\/div><div>\u00a0<\/div><div>\u00a0<\/div><div class=\"contentLeft\"><p><img decoding=\"async\" class=\"alignnone size-full wp-image-640\" src=\"http:\/\/teuport.com\/wp-content\/uploads\/2021\/01\/olculer.jpg\" alt=\"\" width=\"746\" height=\"1019\" srcset=\"https:\/\/teuport.com\/wp-content\/uploads\/2021\/01\/olculer.jpg 746w, https:\/\/teuport.com\/wp-content\/uploads\/2021\/01\/olculer-220x300.jpg 220w\" sizes=\"(max-width: 746px) 100vw, 746px\" \/><\/p><\/div>\t\t\t\t\t\t<\/div>\n\t\t\t\t<\/div>\n\t\t\t\t\t<\/div>\n\t\t<\/div>\n\t\t\t\t\t\t\t<\/div>\n\t\t<\/section>\n\t\t\t\t\t\t\t<\/div>\n\t\t","protected":false},"excerpt":{"rendered":"<p>Container Dimensions Home Container Dimensions \u00a0\u00a0<\/p>\n","protected":false},"author":1,"featured_media":0,"parent":0,"menu_order":0,"comment_status":"closed","ping_status":"closed","template":"page-templates\/home.php","meta":{"_mi_skip_tracking":false,"_monsterinsights_sitenote_active":false,"_monsterinsights_sitenote_note":"","_monsterinsights_sitenote_category":0,"footnotes":""},"class_list":["post-962","page","type-page","status-publish","hentry"],"aioseo_notices":[],"_links":{"self":[{"href":"https:\/\/teuport.com\/en\/wp-json\/wp\/v2\/pages\/962","targetHints":{"allow":["GET"]}}],"collection":[{"href":"https:\/\/teuport.com\/en\/wp-json\/wp\/v2\/pages"}],"about":[{"href":"https:\/\/teuport.com\/en\/wp-json\/wp\/v2\/types\/page"}],"author":[{"embeddable":true,"href":"https:\/\/teuport.com\/en\/wp-json\/wp\/v2\/users\/1"}],"replies":[{"embeddable":true,"href":"https:\/\/teuport.com\/en\/wp-json\/wp\/v2\/comments?post=962"}],"version-history":[{"count":4,"href":"https:\/\/teuport.com\/en\/wp-json\/wp\/v2\/pages\/962\/revisions"}],"predecessor-version":[{"id":966,"href":"https:\/\/teuport.com\/en\/wp-json\/wp\/v2\/pages\/962\/revisions\/966"}],"wp:attachment":[{"href":"https:\/\/teuport.com\/en\/wp-json\/wp\/v2\/media?parent=962"}],"curies":[{"name":"wp","href":"https:\/\/api.w.org\/{rel}","templated":true}]}}